{"id":62,"date":"2020-02-03T19:43:24","date_gmt":"2020-02-03T18:43:24","guid":{"rendered":"https:\/\/fermepourtous.wordpress.com\/?page_id=62"},"modified":"2022-05-24T17:00:18","modified_gmt":"2022-05-24T17:00:18","slug":"liens","status":"publish","type":"page","link":"https:\/\/fermepourtous.ch\/index.php\/liens\/","title":{"rendered":"Liens"},"content":{"rendered":"\r\n<div class=\"wp-block-group\">\r\n<div class=\"wp-block-group__inner-container is-layout-flow wp-block-group-is-layout-flow\">\r\n<div class=\"wp-block-group\">\r\n<div class=\"wp-block-group__inner-container is-layout-flow wp-block-group-is-layout-flow\">\r\n<div class=\"wp-block-group\">\r\n<div class=\"wp-block-group__inner-container is-layout-flow wp-block-group-is-layout-flow\">\r\n<p><br \/><span style=\"color: #b6c104;\"><strong><a style=\"color: #b6c104;\" href=\"https:\/\/yellow.local.ch\/fr\/d\/St-Germain-Saviese\/1965\/Menuiserie\/Solliard-Pierre-Andre-a55CcOSd9Q2J9eiF9jg_bQ\" target=\"_blank\" rel=\"noreferrer noopener\">Pierre-Andr\u00e9 Solliard<\/a><\/strong><\/span> Vigneron \u00e0 Savi\u00e8se<\/p>\r\n\r\n\r\n\r\n<p><span style=\"color: #b6c104;\"><strong><a style=\"color: #b6c104;\" href=\"http:\/\/www.randolama.ch\/\" target=\"_blank\" rel=\"noreferrer noopener\">Randolama.ch<\/a><\/strong> <\/span>Balades au rythme des lamas en Gruy\u00e8re<\/p>\r\n\r\n\r\n\r\n\r\n\r\n\r\n\r\n\r\n\r\n\r\n\r\n<p><span style=\"color: #b6c104;\"><strong><a style=\"color: #b6c104;\" href=\"http:\/\/www.cbh-angus.ch\/\" target=\"_blank\" rel=\"noreferrer noopener\" aria-label=\" (ouverture dans un nouvel onglet)\">CBH &#8211; Angus<\/a><\/strong><\/span> Viande de qualit\u00e9 de la ferme<\/p>\r\n\r\n\r\n\r\n\r\n\r\n\r\n\r\n<p><span style=\"color: #b6c104;\"><strong><a style=\"color: #b6c104;\" href=\"http:\/\/www.elevagedupredeissy.ch\/\" target=\"_blank\" rel=\"noreferrer noopener\" aria-label=\" (ouverture dans un nouvel onglet)\">L\u2019\u00e9levage du Pr\u00e9 d\u2019Eissy<\/a><\/strong><\/span> Elevage de chevaux franches-montagnes\u00a0et vente directe de viande de b\u0153uf<\/p>\r\n\r\n\r\n\r\n<p><span style=\"color: #b6c104;\"><strong><a style=\"color: #b6c104;\" href=\"http:\/\/www.chevaux-gruyeres.ch\/\" target=\"_blank\" rel=\"noreferrer noopener\" aria-label=\" (ouverture dans un nouvel onglet)\">Chevaux Gruy\u00e8res<\/a><\/strong><\/span> Les Familles Barras et Morand pr\u00e9sentent\u00a0leurs \u00e9levages de chevaux franches-montagnes, ainsi que leurs diff\u00e9rentes\u00a0 activit\u00e9s<\/p>\r\n<p>&nbsp;<\/p>\r\n<\/div>\r\n<\/div>\r\n\r\n\r\n\r\n<div class=\"wp-block-group\">\r\n<div class=\"wp-block-group__inner-container\">\r\n<figure class=\"wp-block-image alignfull size-large\"><img decoding=\"async\" class=\"wp-image-854 size-full alignleft\" src=\"https:\/\/fermepourtous.ch\/wp-content\/uploads\/2020\/03\/Vue_parque_vaches.jpg\" alt=\"\" width=\"787\" height=\"524\" srcset=\"https:\/\/fermepourtous.ch\/wp-content\/uploads\/2020\/03\/Vue_parque_vaches.jpg 787w, https:\/\/fermepourtous.ch\/wp-content\/uploads\/2020\/03\/Vue_parque_vaches-300x200.jpg 300w, https:\/\/fermepourtous.ch\/wp-content\/uploads\/2020\/03\/Vue_parque_vaches-768x511.jpg 768w\" sizes=\"(max-width: 787px) 100vw, 787px\" \/><\/figure>\r\n<\/div>\r\n<\/div>\r\n<\/div>\r\n<\/div>\r\n<\/div>\r\n<\/div>\r\n<!-- \/wp:post-content -->\r\n\r\n<!-- wp:paragraph -->\r\n<p>&nbsp;<\/p>\r\n<!-- \/wp:paragraph -->","protected":false},"excerpt":{"rendered":"<p>Pierre-Andr\u00e9 Solliard Vigneron \u00e0 Savi\u00e8se Randolama.ch Balades au rythme des lamas en Gruy\u00e8re CBH &#8211; Angus Viande de qualit\u00e9 de la ferme L\u2019\u00e9levage du Pr\u00e9 d\u2019Eissy Elevage de chevaux franches-montagnes\u00a0et vente directe de viande de b\u0153uf Chevaux Gruy\u00e8res Les Familles Barras et Morand pr\u00e9sentent\u00a0leurs \u00e9levages de chevaux franches-montagnes, ainsi que leurs diff\u00e9rentes\u00a0 activit\u00e9s &nbsp; &nbsp;<\/p>\n","protected":false},"author":3,"featured_media":0,"parent":0,"menu_order":0,"comment_status":"closed","ping_status":"closed","template":"","meta":{"site-sidebar-layout":"default","site-content-layout":"","ast-site-content-layout":"default","site-content-style":"default","site-sidebar-style":"default","ast-global-header-display":"","ast-banner-title-visibility":"","ast-main-header-display":"","ast-hfb-above-header-display":"","ast-hfb-below-header-display":"","ast-hfb-mobile-header-display":"","site-post-title":"","ast-breadcrumbs-content":"","ast-featured-img":"","footer-sml-layout":"","ast-disable-related-posts":"","theme-transparent-header-meta":"","adv-header-id-meta":"","stick-header-meta":"","header-above-stick-meta":"","header-main-stick-meta":"","header-below-stick-meta":"","astra-migrate-meta-layouts":"default","ast-page-background-enabled":"default","ast-page-background-meta":{"desktop":{"background-color":"var(--ast-global-color-4)","background-image":"","background-repeat":"repeat","background-position":"center center","background-size":"auto","background-attachment":"scroll","background-type":"","background-media":"","overlay-type":"","overlay-color":"","overlay-opacity":"","overlay-gradient":""},"tablet":{"background-color":"","background-image":"","background-repeat":"repeat","background-position":"center center","background-size":"auto","background-attachment":"scroll","background-type":"","background-media":"","overlay-type":"","overlay-color":"","overlay-opacity":"","overlay-gradient":""},"mobile":{"background-color":"","background-image":"","background-repeat":"repeat","background-position":"center center","background-size":"auto","background-attachment":"scroll","background-type":"","background-media":"","overlay-type":"","overlay-color":"","overlay-opacity":"","overlay-gradient":""}},"ast-content-background-meta":{"desktop":{"background-color":"var(--ast-global-color-5)","background-image":"","background-repeat":"repeat","background-position":"center center","background-size":"auto","background-attachment":"scroll","background-type":"","background-media":"","overlay-type":"","overlay-color":"","overlay-opacity":"","overlay-gradient":""},"tablet":{"background-color":"var(--ast-global-color-5)","background-image":"","background-repeat":"repeat","background-position":"center center","background-size":"auto","background-attachment":"scroll","background-type":"","background-media":"","overlay-type":"","overlay-color":"","overlay-opacity":"","overlay-gradient":""},"mobile":{"background-color":"var(--ast-global-color-5)","background-image":"","background-repeat":"repeat","background-position":"center center","background-size":"auto","background-attachment":"scroll","background-type":"","background-media":"","overlay-type":"","overlay-color":"","overlay-opacity":"","overlay-gradient":""}},"footnotes":""},"class_list":["post-62","page","type-page","status-publish","hentry"],"_links":{"self":[{"href":"https:\/\/fermepourtous.ch\/index.php\/wp-json\/wp\/v2\/pages\/62","targetHints":{"allow":["GET"]}}],"collection":[{"href":"https:\/\/fermepourtous.ch\/index.php\/wp-json\/wp\/v2\/pages"}],"about":[{"href":"https:\/\/fermepourtous.ch\/index.php\/wp-json\/wp\/v2\/types\/page"}],"author":[{"embeddable":true,"href":"https:\/\/fermepourtous.ch\/index.php\/wp-json\/wp\/v2\/users\/3"}],"replies":[{"embeddable":true,"href":"https:\/\/fermepourtous.ch\/index.php\/wp-json\/wp\/v2\/comments?post=62"}],"version-history":[{"count":0,"href":"https:\/\/fermepourtous.ch\/index.php\/wp-json\/wp\/v2\/pages\/62\/revisions"}],"wp:attachment":[{"href":"https:\/\/fermepourtous.ch\/index.php\/wp-json\/wp\/v2\/media?parent=62"}],"curies":[{"name":"wp","href":"https:\/\/api.w.org\/{rel}","templated":true}]}}