{"id":143,"date":"2020-02-04T20:37:30","date_gmt":"2020-02-04T19:37:30","guid":{"rendered":"https:\/\/fermepourtous.wordpress.com\/?page_id=143"},"modified":"2020-07-21T20:36:21","modified_gmt":"2020-07-21T20:36:21","slug":"fete-de-la-chataigne-28-10-2019","status":"publish","type":"page","link":"https:\/\/fermepourtous.ch\/index.php\/2020-2\/photos\/fete-de-la-chataigne-28-10-2019\/","title":{"rendered":"2019"},"content":{"rendered":"\r\n\r\n\r\n<h3 class=\"has-text-color wp-block-heading\" style=\"color: #b6c104;\"><strong>F\u00caTE DE LA CH\u00c2TAIGNE<\/strong> &#8211; 25.10.2019<\/h3>\r\n\r\n\r\n\r\n<div class=\"wp-block-jetpack-slideshow aligncenter\" data-autoplay=\"true\" data-delay=\"3\" data-effect=\"slide\">\r\n<div class=\"wp-block-jetpack-slideshow_container swiper-container\">\r\n<figure><div class=\"carousel-slider-outer carousel-slider-outer-image-carousel carousel-slider-outer-1166\" style=\"--carousel-slider-nav-color:#b6c104;--carousel-slider-active-nav-color:#b2b2b2;--carousel-slider-arrow-size:48px;--carousel-slider-bullet-size:5px\">\n<div id=\"&#039;id-1166\" class=\"carousel-slider carousel-slider-1166 arrows-visibility-always dots-visibility-always arrows-inside dots-center dots-circle owl-carousel\" data-slide-type=\"image-carousel\" data-owl-settings='{\"nav\":true,\"dots\":true,\"slideBy\":1,\"stagePadding\":2,\"margin\":11,\"loop\":true,\"lazyLoad\":false,\"autoplay\":true,\"autoplayTimeout\":5000,\"autoplaySpeed\":500,\"autoplayHoverPause\":true,\"autoWidth\":false,\"responsive\":{\"300\":{\"items\":1},\"576\":{\"items\":2},\"768\":{\"items\":2},\"1024\":{\"items\":3},\"1280\":{\"items\":4},\"1536\":{\"items\":5}}}'>\n<div class=\"carousel-slider__item\">\n\t<a class=\"magnific-popup\" href=\"https:\/\/fermepourtous.ch\/wp-content\/uploads\/2020\/03\/1_brisolee_2019_04.jpg\" data-width=\"1575\" data-height=\"1051\"><img decoding=\"async\" width=\"1575\" height=\"1051\" src=\"https:\/\/fermepourtous.ch\/wp-content\/uploads\/2020\/03\/1_brisolee_2019_04.jpg\" class=\"attachment-full size-full\" alt=\"\" srcset=\"https:\/\/fermepourtous.ch\/wp-content\/uploads\/2020\/03\/1_brisolee_2019_04.jpg 1575w, https:\/\/fermepourtous.ch\/wp-content\/uploads\/2020\/03\/1_brisolee_2019_04-300x200.jpg 300w, https:\/\/fermepourtous.ch\/wp-content\/uploads\/2020\/03\/1_brisolee_2019_04-1024x683.jpg 1024w, https:\/\/fermepourtous.ch\/wp-content\/uploads\/2020\/03\/1_brisolee_2019_04-768x512.jpg 768w, https:\/\/fermepourtous.ch\/wp-content\/uploads\/2020\/03\/1_brisolee_2019_04-1536x1025.jpg 1536w\" sizes=\"(max-width: 1575px) 100vw, 1575px\" \/><\/a><\/div>\n\n<div class=\"carousel-slider__item\">\n\t<a class=\"magnific-popup\" href=\"https:\/\/fermepourtous.ch\/wp-content\/uploads\/2020\/03\/2_brisolee_2019_40.jpg\" data-width=\"1575\" data-height=\"1051\"><img decoding=\"async\" width=\"1575\" height=\"1051\" src=\"https:\/\/fermepourtous.ch\/wp-content\/uploads\/2020\/03\/2_brisolee_2019_40.jpg\" class=\"attachment-full size-full\" alt=\"\" srcset=\"https:\/\/fermepourtous.ch\/wp-content\/uploads\/2020\/03\/2_brisolee_2019_40.jpg 1575w, https:\/\/fermepourtous.ch\/wp-content\/uploads\/2020\/03\/2_brisolee_2019_40-300x200.jpg 300w, https:\/\/fermepourtous.ch\/wp-content\/uploads\/2020\/03\/2_brisolee_2019_40-1024x683.jpg 1024w, https:\/\/fermepourtous.ch\/wp-content\/uploads\/2020\/03\/2_brisolee_2019_40-768x512.jpg 768w, https:\/\/fermepourtous.ch\/wp-content\/uploads\/2020\/03\/2_brisolee_2019_40-1536x1025.jpg 1536w\" sizes=\"(max-width: 1575px) 100vw, 1575px\" \/><\/a><\/div>\n\n<div class=\"carousel-slider__item\">\n\t<a class=\"magnific-popup\" href=\"https:\/\/fermepourtous.ch\/wp-content\/uploads\/2020\/03\/3_brisolee_2019_22.jpg\" data-width=\"1575\" data-height=\"1048\"><img decoding=\"async\" width=\"1575\" height=\"1048\" src=\"https:\/\/fermepourtous.ch\/wp-content\/uploads\/2020\/03\/3_brisolee_2019_22.jpg\" class=\"attachment-full size-full\" alt=\"\" srcset=\"https:\/\/fermepourtous.ch\/wp-content\/uploads\/2020\/03\/3_brisolee_2019_22.jpg 1575w, https:\/\/fermepourtous.ch\/wp-content\/uploads\/2020\/03\/3_brisolee_2019_22-300x200.jpg 300w, https:\/\/fermepourtous.ch\/wp-content\/uploads\/2020\/03\/3_brisolee_2019_22-1024x681.jpg 1024w, https:\/\/fermepourtous.ch\/wp-content\/uploads\/2020\/03\/3_brisolee_2019_22-768x511.jpg 768w, https:\/\/fermepourtous.ch\/wp-content\/uploads\/2020\/03\/3_brisolee_2019_22-1536x1022.jpg 1536w\" sizes=\"(max-width: 1575px) 100vw, 1575px\" \/><\/a><\/div>\n\n<div class=\"carousel-slider__item\">\n\t<a class=\"magnific-popup\" href=\"https:\/\/fermepourtous.ch\/wp-content\/uploads\/2020\/03\/10_brisolee_2019_07.jpg\" data-width=\"1575\" data-height=\"1048\"><img decoding=\"async\" width=\"1575\" height=\"1048\" src=\"https:\/\/fermepourtous.ch\/wp-content\/uploads\/2020\/03\/10_brisolee_2019_07.jpg\" class=\"attachment-full size-full\" alt=\"\" srcset=\"https:\/\/fermepourtous.ch\/wp-content\/uploads\/2020\/03\/10_brisolee_2019_07.jpg 1575w, https:\/\/fermepourtous.ch\/wp-content\/uploads\/2020\/03\/10_brisolee_2019_07-300x200.jpg 300w, https:\/\/fermepourtous.ch\/wp-content\/uploads\/2020\/03\/10_brisolee_2019_07-1024x681.jpg 1024w, https:\/\/fermepourtous.ch\/wp-content\/uploads\/2020\/03\/10_brisolee_2019_07-768x511.jpg 768w, https:\/\/fermepourtous.ch\/wp-content\/uploads\/2020\/03\/10_brisolee_2019_07-1536x1022.jpg 1536w\" sizes=\"(max-width: 1575px) 100vw, 1575px\" \/><\/a><\/div>\n\n<div class=\"carousel-slider__item\">\n\t<a class=\"magnific-popup\" href=\"https:\/\/fermepourtous.ch\/wp-content\/uploads\/2020\/03\/9_brisolee_2019_43.jpg\" data-width=\"1575\" data-height=\"1048\"><img decoding=\"async\" width=\"1575\" height=\"1048\" src=\"https:\/\/fermepourtous.ch\/wp-content\/uploads\/2020\/03\/9_brisolee_2019_43.jpg\" class=\"attachment-full size-full\" alt=\"\" srcset=\"https:\/\/fermepourtous.ch\/wp-content\/uploads\/2020\/03\/9_brisolee_2019_43.jpg 1575w, https:\/\/fermepourtous.ch\/wp-content\/uploads\/2020\/03\/9_brisolee_2019_43-300x200.jpg 300w, https:\/\/fermepourtous.ch\/wp-content\/uploads\/2020\/03\/9_brisolee_2019_43-1024x681.jpg 1024w, https:\/\/fermepourtous.ch\/wp-content\/uploads\/2020\/03\/9_brisolee_2019_43-768x511.jpg 768w, https:\/\/fermepourtous.ch\/wp-content\/uploads\/2020\/03\/9_brisolee_2019_43-1536x1022.jpg 1536w\" sizes=\"(max-width: 1575px) 100vw, 1575px\" \/><\/a><\/div>\n\n<div class=\"carousel-slider__item\">\n\t<a class=\"magnific-popup\" href=\"https:\/\/fermepourtous.ch\/wp-content\/uploads\/2020\/03\/8_brisolee_2019_49.jpg\" data-width=\"1575\" data-height=\"1051\"><img decoding=\"async\" width=\"1575\" height=\"1051\" src=\"https:\/\/fermepourtous.ch\/wp-content\/uploads\/2020\/03\/8_brisolee_2019_49.jpg\" class=\"attachment-full size-full\" alt=\"\" srcset=\"https:\/\/fermepourtous.ch\/wp-content\/uploads\/2020\/03\/8_brisolee_2019_49.jpg 1575w, https:\/\/fermepourtous.ch\/wp-content\/uploads\/2020\/03\/8_brisolee_2019_49-300x200.jpg 300w, https:\/\/fermepourtous.ch\/wp-content\/uploads\/2020\/03\/8_brisolee_2019_49-1024x683.jpg 1024w, https:\/\/fermepourtous.ch\/wp-content\/uploads\/2020\/03\/8_brisolee_2019_49-768x512.jpg 768w, https:\/\/fermepourtous.ch\/wp-content\/uploads\/2020\/03\/8_brisolee_2019_49-1536x1025.jpg 1536w\" sizes=\"(max-width: 1575px) 100vw, 1575px\" \/><\/a><\/div>\n\n<div class=\"carousel-slider__item\">\n\t<a class=\"magnific-popup\" href=\"https:\/\/fermepourtous.ch\/wp-content\/uploads\/2020\/03\/7_brisolee_2019_62.jpg\" data-width=\"1575\" data-height=\"1051\"><img decoding=\"async\" width=\"1575\" height=\"1051\" src=\"https:\/\/fermepourtous.ch\/wp-content\/uploads\/2020\/03\/7_brisolee_2019_62.jpg\" class=\"attachment-full size-full\" alt=\"\" srcset=\"https:\/\/fermepourtous.ch\/wp-content\/uploads\/2020\/03\/7_brisolee_2019_62.jpg 1575w, https:\/\/fermepourtous.ch\/wp-content\/uploads\/2020\/03\/7_brisolee_2019_62-300x200.jpg 300w, https:\/\/fermepourtous.ch\/wp-content\/uploads\/2020\/03\/7_brisolee_2019_62-1024x683.jpg 1024w, https:\/\/fermepourtous.ch\/wp-content\/uploads\/2020\/03\/7_brisolee_2019_62-768x512.jpg 768w, https:\/\/fermepourtous.ch\/wp-content\/uploads\/2020\/03\/7_brisolee_2019_62-1536x1025.jpg 1536w\" sizes=\"(max-width: 1575px) 100vw, 1575px\" \/><\/a><\/div>\n\n<div class=\"carousel-slider__item\">\n\t<a class=\"magnific-popup\" href=\"https:\/\/fermepourtous.ch\/wp-content\/uploads\/2020\/03\/6_brisolee_2019_16.jpg\" data-width=\"1575\" data-height=\"1051\"><img decoding=\"async\" width=\"1575\" height=\"1051\" src=\"https:\/\/fermepourtous.ch\/wp-content\/uploads\/2020\/03\/6_brisolee_2019_16.jpg\" class=\"attachment-full size-full\" alt=\"\" srcset=\"https:\/\/fermepourtous.ch\/wp-content\/uploads\/2020\/03\/6_brisolee_2019_16.jpg 1575w, https:\/\/fermepourtous.ch\/wp-content\/uploads\/2020\/03\/6_brisolee_2019_16-300x200.jpg 300w, https:\/\/fermepourtous.ch\/wp-content\/uploads\/2020\/03\/6_brisolee_2019_16-1024x683.jpg 1024w, https:\/\/fermepourtous.ch\/wp-content\/uploads\/2020\/03\/6_brisolee_2019_16-768x512.jpg 768w, https:\/\/fermepourtous.ch\/wp-content\/uploads\/2020\/03\/6_brisolee_2019_16-1536x1025.jpg 1536w\" sizes=\"(max-width: 1575px) 100vw, 1575px\" \/><\/a><\/div>\n\n<div class=\"carousel-slider__item\">\n\t<a class=\"magnific-popup\" href=\"https:\/\/fermepourtous.ch\/wp-content\/uploads\/2020\/03\/5_brisolee_2019_10.jpg\" data-width=\"1575\" data-height=\"1048\"><img decoding=\"async\" width=\"1575\" height=\"1048\" src=\"https:\/\/fermepourtous.ch\/wp-content\/uploads\/2020\/03\/5_brisolee_2019_10.jpg\" class=\"attachment-full size-full\" alt=\"\" srcset=\"https:\/\/fermepourtous.ch\/wp-content\/uploads\/2020\/03\/5_brisolee_2019_10.jpg 1575w, https:\/\/fermepourtous.ch\/wp-content\/uploads\/2020\/03\/5_brisolee_2019_10-300x200.jpg 300w, https:\/\/fermepourtous.ch\/wp-content\/uploads\/2020\/03\/5_brisolee_2019_10-1024x681.jpg 1024w, https:\/\/fermepourtous.ch\/wp-content\/uploads\/2020\/03\/5_brisolee_2019_10-768x511.jpg 768w, https:\/\/fermepourtous.ch\/wp-content\/uploads\/2020\/03\/5_brisolee_2019_10-1536x1022.jpg 1536w\" sizes=\"(max-width: 1575px) 100vw, 1575px\" \/><\/a><\/div>\n\n<div class=\"carousel-slider__item\">\n\t<a class=\"magnific-popup\" href=\"https:\/\/fermepourtous.ch\/wp-content\/uploads\/2020\/03\/4_brisolee_2019_11.jpg\" data-width=\"1575\" data-height=\"1048\"><img decoding=\"async\" width=\"1575\" height=\"1048\" src=\"https:\/\/fermepourtous.ch\/wp-content\/uploads\/2020\/03\/4_brisolee_2019_11.jpg\" class=\"attachment-full size-full\" alt=\"\" srcset=\"https:\/\/fermepourtous.ch\/wp-content\/uploads\/2020\/03\/4_brisolee_2019_11.jpg 1575w, https:\/\/fermepourtous.ch\/wp-content\/uploads\/2020\/03\/4_brisolee_2019_11-300x200.jpg 300w, https:\/\/fermepourtous.ch\/wp-content\/uploads\/2020\/03\/4_brisolee_2019_11-1024x681.jpg 1024w, https:\/\/fermepourtous.ch\/wp-content\/uploads\/2020\/03\/4_brisolee_2019_11-768x511.jpg 768w, https:\/\/fermepourtous.ch\/wp-content\/uploads\/2020\/03\/4_brisolee_2019_11-1536x1022.jpg 1536w\" sizes=\"(max-width: 1575px) 100vw, 1575px\" \/><\/a><\/div>\n\n<div class=\"carousel-slider__item\">\n\t<a class=\"magnific-popup\" href=\"https:\/\/fermepourtous.ch\/wp-content\/uploads\/2020\/03\/11_brisolee_2019_24.jpg\" data-width=\"1575\" data-height=\"1048\"><img decoding=\"async\" width=\"1575\" height=\"1048\" src=\"https:\/\/fermepourtous.ch\/wp-content\/uploads\/2020\/03\/11_brisolee_2019_24.jpg\" class=\"attachment-full size-full\" alt=\"\" srcset=\"https:\/\/fermepourtous.ch\/wp-content\/uploads\/2020\/03\/11_brisolee_2019_24.jpg 1575w, https:\/\/fermepourtous.ch\/wp-content\/uploads\/2020\/03\/11_brisolee_2019_24-300x200.jpg 300w, https:\/\/fermepourtous.ch\/wp-content\/uploads\/2020\/03\/11_brisolee_2019_24-1024x681.jpg 1024w, https:\/\/fermepourtous.ch\/wp-content\/uploads\/2020\/03\/11_brisolee_2019_24-768x511.jpg 768w, https:\/\/fermepourtous.ch\/wp-content\/uploads\/2020\/03\/11_brisolee_2019_24-1536x1022.jpg 1536w\" sizes=\"(max-width: 1575px) 100vw, 1575px\" \/><\/a><\/div>\n\n<div class=\"carousel-slider__item\">\n\t<a class=\"magnific-popup\" href=\"https:\/\/fermepourtous.ch\/wp-content\/uploads\/2020\/03\/12_brisolee_2019_59.jpg\" data-width=\"1575\" data-height=\"1048\"><img decoding=\"async\" width=\"1575\" height=\"1048\" src=\"https:\/\/fermepourtous.ch\/wp-content\/uploads\/2020\/03\/12_brisolee_2019_59.jpg\" class=\"attachment-full size-full\" alt=\"\" srcset=\"https:\/\/fermepourtous.ch\/wp-content\/uploads\/2020\/03\/12_brisolee_2019_59.jpg 1575w, https:\/\/fermepourtous.ch\/wp-content\/uploads\/2020\/03\/12_brisolee_2019_59-300x200.jpg 300w, https:\/\/fermepourtous.ch\/wp-content\/uploads\/2020\/03\/12_brisolee_2019_59-1024x681.jpg 1024w, https:\/\/fermepourtous.ch\/wp-content\/uploads\/2020\/03\/12_brisolee_2019_59-768x511.jpg 768w, https:\/\/fermepourtous.ch\/wp-content\/uploads\/2020\/03\/12_brisolee_2019_59-1536x1022.jpg 1536w\" sizes=\"(max-width: 1575px) 100vw, 1575px\" \/><\/a><\/div>\n\n<\/div><!-- .carousel-slider-1166 -->\n<\/div><!-- .carousel-slider-outer-1166 -->\n<\/figure>\r\n<div class=\"wp-block-jetpack-slideshow_pagination swiper-pagination swiper-pagination-white\">\u00a0<\/div>\r\n<\/div>\r\n<\/div>\r\n\r\n\r\n\r\n<p class=\"has-text-color has-white-color\"><span style=\"color: #ffffff;\">.<\/span><\/p>\r\n\r\n\r\n\r\n<h3 class=\"has-text-color wp-block-heading\" style=\"color: #b6c104;\"><strong>F\u00caTE DE LA COURGE<\/strong> &#8211; 21.09.2019<\/h3>\r\n<div class=\"carousel-slider-outer carousel-slider-outer-image-carousel carousel-slider-outer-1168\" style=\"--carousel-slider-nav-color:#b6c104;--carousel-slider-active-nav-color:#b2b2b2;--carousel-slider-arrow-size:48px;--carousel-slider-bullet-size:5px\">\n<div id=\"&#039;id-1168\" class=\"carousel-slider carousel-slider-1168 arrows-visibility-always dots-visibility-always arrows-inside dots-center dots-circle owl-carousel\" data-slide-type=\"image-carousel\" data-owl-settings='{\"nav\":true,\"dots\":true,\"slideBy\":1,\"stagePadding\":2,\"margin\":11,\"loop\":true,\"lazyLoad\":false,\"autoplay\":true,\"autoplayTimeout\":5000,\"autoplaySpeed\":500,\"autoplayHoverPause\":true,\"autoWidth\":false,\"responsive\":{\"300\":{\"items\":1},\"576\":{\"items\":2},\"768\":{\"items\":2},\"1024\":{\"items\":3},\"1280\":{\"items\":4},\"1536\":{\"items\":5}}}'>\n<div class=\"carousel-slider__item\">\n\t<a class=\"magnific-popup\" href=\"https:\/\/fermepourtous.ch\/wp-content\/uploads\/2020\/03\/courge_2019_04.jpg\" data-width=\"1575\" data-height=\"1051\"><img decoding=\"async\" width=\"1575\" height=\"1051\" src=\"https:\/\/fermepourtous.ch\/wp-content\/uploads\/2020\/03\/courge_2019_04.jpg\" class=\"attachment-full size-full\" alt=\"\" srcset=\"https:\/\/fermepourtous.ch\/wp-content\/uploads\/2020\/03\/courge_2019_04.jpg 1575w, https:\/\/fermepourtous.ch\/wp-content\/uploads\/2020\/03\/courge_2019_04-300x200.jpg 300w, https:\/\/fermepourtous.ch\/wp-content\/uploads\/2020\/03\/courge_2019_04-1024x683.jpg 1024w, https:\/\/fermepourtous.ch\/wp-content\/uploads\/2020\/03\/courge_2019_04-768x512.jpg 768w, https:\/\/fermepourtous.ch\/wp-content\/uploads\/2020\/03\/courge_2019_04-1536x1025.jpg 1536w\" sizes=\"(max-width: 1575px) 100vw, 1575px\" \/><\/a><\/div>\n\n<div class=\"carousel-slider__item\">\n\t<a class=\"magnific-popup\" href=\"https:\/\/fermepourtous.ch\/wp-content\/uploads\/2020\/03\/courge_2019_38.jpg\" data-width=\"1575\" data-height=\"1051\"><img decoding=\"async\" width=\"1575\" height=\"1051\" src=\"https:\/\/fermepourtous.ch\/wp-content\/uploads\/2020\/03\/courge_2019_38.jpg\" class=\"attachment-full size-full\" alt=\"\" srcset=\"https:\/\/fermepourtous.ch\/wp-content\/uploads\/2020\/03\/courge_2019_38.jpg 1575w, https:\/\/fermepourtous.ch\/wp-content\/uploads\/2020\/03\/courge_2019_38-300x200.jpg 300w, https:\/\/fermepourtous.ch\/wp-content\/uploads\/2020\/03\/courge_2019_38-1024x683.jpg 1024w, https:\/\/fermepourtous.ch\/wp-content\/uploads\/2020\/03\/courge_2019_38-768x512.jpg 768w, https:\/\/fermepourtous.ch\/wp-content\/uploads\/2020\/03\/courge_2019_38-1536x1025.jpg 1536w\" sizes=\"(max-width: 1575px) 100vw, 1575px\" \/><\/a><\/div>\n\n<div class=\"carousel-slider__item\">\n\t<a class=\"magnific-popup\" href=\"https:\/\/fermepourtous.ch\/wp-content\/uploads\/2020\/03\/courge_2019_20.jpg\" data-width=\"1575\" data-height=\"1048\"><img decoding=\"async\" width=\"1575\" height=\"1048\" src=\"https:\/\/fermepourtous.ch\/wp-content\/uploads\/2020\/03\/courge_2019_20.jpg\" class=\"attachment-full size-full\" alt=\"\" srcset=\"https:\/\/fermepourtous.ch\/wp-content\/uploads\/2020\/03\/courge_2019_20.jpg 1575w, https:\/\/fermepourtous.ch\/wp-content\/uploads\/2020\/03\/courge_2019_20-300x200.jpg 300w, https:\/\/fermepourtous.ch\/wp-content\/uploads\/2020\/03\/courge_2019_20-1024x681.jpg 1024w, https:\/\/fermepourtous.ch\/wp-content\/uploads\/2020\/03\/courge_2019_20-768x511.jpg 768w, https:\/\/fermepourtous.ch\/wp-content\/uploads\/2020\/03\/courge_2019_20-1536x1022.jpg 1536w\" sizes=\"(max-width: 1575px) 100vw, 1575px\" \/><\/a><\/div>\n\n<div class=\"carousel-slider__item\">\n\t<a class=\"magnific-popup\" href=\"https:\/\/fermepourtous.ch\/wp-content\/uploads\/2020\/03\/courge_2019_16.jpg\" data-width=\"1575\" data-height=\"1051\"><img decoding=\"async\" width=\"1575\" height=\"1051\" src=\"https:\/\/fermepourtous.ch\/wp-content\/uploads\/2020\/03\/courge_2019_16.jpg\" class=\"attachment-full size-full\" alt=\"\" srcset=\"https:\/\/fermepourtous.ch\/wp-content\/uploads\/2020\/03\/courge_2019_16.jpg 1575w, https:\/\/fermepourtous.ch\/wp-content\/uploads\/2020\/03\/courge_2019_16-300x200.jpg 300w, https:\/\/fermepourtous.ch\/wp-content\/uploads\/2020\/03\/courge_2019_16-1024x683.jpg 1024w, https:\/\/fermepourtous.ch\/wp-content\/uploads\/2020\/03\/courge_2019_16-768x512.jpg 768w, https:\/\/fermepourtous.ch\/wp-content\/uploads\/2020\/03\/courge_2019_16-1536x1025.jpg 1536w\" sizes=\"(max-width: 1575px) 100vw, 1575px\" \/><\/a><\/div>\n\n<div class=\"carousel-slider__item\">\n\t<a class=\"magnific-popup\" href=\"https:\/\/fermepourtous.ch\/wp-content\/uploads\/2020\/03\/courge_2019_14.jpg\" data-width=\"1575\" data-height=\"1048\"><img decoding=\"async\" width=\"1575\" height=\"1048\" src=\"https:\/\/fermepourtous.ch\/wp-content\/uploads\/2020\/03\/courge_2019_14.jpg\" class=\"attachment-full size-full\" alt=\"\" srcset=\"https:\/\/fermepourtous.ch\/wp-content\/uploads\/2020\/03\/courge_2019_14.jpg 1575w, https:\/\/fermepourtous.ch\/wp-content\/uploads\/2020\/03\/courge_2019_14-300x200.jpg 300w, https:\/\/fermepourtous.ch\/wp-content\/uploads\/2020\/03\/courge_2019_14-1024x681.jpg 1024w, https:\/\/fermepourtous.ch\/wp-content\/uploads\/2020\/03\/courge_2019_14-768x511.jpg 768w, https:\/\/fermepourtous.ch\/wp-content\/uploads\/2020\/03\/courge_2019_14-1536x1022.jpg 1536w\" sizes=\"(max-width: 1575px) 100vw, 1575px\" \/><\/a><\/div>\n\n<div class=\"carousel-slider__item\">\n\t<a class=\"magnific-popup\" href=\"https:\/\/fermepourtous.ch\/wp-content\/uploads\/2020\/03\/courge_2019_11.jpg\" data-width=\"1575\" data-height=\"1048\"><img decoding=\"async\" width=\"1575\" height=\"1048\" src=\"https:\/\/fermepourtous.ch\/wp-content\/uploads\/2020\/03\/courge_2019_11.jpg\" class=\"attachment-full size-full\" alt=\"\" srcset=\"https:\/\/fermepourtous.ch\/wp-content\/uploads\/2020\/03\/courge_2019_11.jpg 1575w, https:\/\/fermepourtous.ch\/wp-content\/uploads\/2020\/03\/courge_2019_11-300x200.jpg 300w, https:\/\/fermepourtous.ch\/wp-content\/uploads\/2020\/03\/courge_2019_11-1024x681.jpg 1024w, https:\/\/fermepourtous.ch\/wp-content\/uploads\/2020\/03\/courge_2019_11-768x511.jpg 768w, https:\/\/fermepourtous.ch\/wp-content\/uploads\/2020\/03\/courge_2019_11-1536x1022.jpg 1536w\" sizes=\"(max-width: 1575px) 100vw, 1575px\" \/><\/a><\/div>\n\n<div class=\"carousel-slider__item\">\n\t<a class=\"magnific-popup\" href=\"https:\/\/fermepourtous.ch\/wp-content\/uploads\/2020\/03\/courge_2019_10.jpg\" data-width=\"1575\" data-height=\"1048\"><img decoding=\"async\" width=\"1575\" height=\"1048\" src=\"https:\/\/fermepourtous.ch\/wp-content\/uploads\/2020\/03\/courge_2019_10.jpg\" class=\"attachment-full size-full\" alt=\"\" srcset=\"https:\/\/fermepourtous.ch\/wp-content\/uploads\/2020\/03\/courge_2019_10.jpg 1575w, https:\/\/fermepourtous.ch\/wp-content\/uploads\/2020\/03\/courge_2019_10-300x200.jpg 300w, https:\/\/fermepourtous.ch\/wp-content\/uploads\/2020\/03\/courge_2019_10-1024x681.jpg 1024w, https:\/\/fermepourtous.ch\/wp-content\/uploads\/2020\/03\/courge_2019_10-768x511.jpg 768w, https:\/\/fermepourtous.ch\/wp-content\/uploads\/2020\/03\/courge_2019_10-1536x1022.jpg 1536w\" sizes=\"(max-width: 1575px) 100vw, 1575px\" \/><\/a><\/div>\n\n<div class=\"carousel-slider__item\">\n\t<a class=\"magnific-popup\" href=\"https:\/\/fermepourtous.ch\/wp-content\/uploads\/2020\/03\/courge_2019_06.jpg\" data-width=\"1575\" data-height=\"1048\"><img decoding=\"async\" width=\"1575\" height=\"1048\" src=\"https:\/\/fermepourtous.ch\/wp-content\/uploads\/2020\/03\/courge_2019_06.jpg\" class=\"attachment-full size-full\" alt=\"\" srcset=\"https:\/\/fermepourtous.ch\/wp-content\/uploads\/2020\/03\/courge_2019_06.jpg 1575w, https:\/\/fermepourtous.ch\/wp-content\/uploads\/2020\/03\/courge_2019_06-300x200.jpg 300w, https:\/\/fermepourtous.ch\/wp-content\/uploads\/2020\/03\/courge_2019_06-1024x681.jpg 1024w, https:\/\/fermepourtous.ch\/wp-content\/uploads\/2020\/03\/courge_2019_06-768x511.jpg 768w, https:\/\/fermepourtous.ch\/wp-content\/uploads\/2020\/03\/courge_2019_06-1536x1022.jpg 1536w\" sizes=\"(max-width: 1575px) 100vw, 1575px\" \/><\/a><\/div>\n\n<\/div><!-- .carousel-slider-1168 -->\n<\/div><!-- .carousel-slider-outer-1168 -->\n\r\n\r\n\r\n\r\n<div class=\"wp-block-jetpack-slideshow aligncenter\" data-effect=\"slide\">\r\n<div class=\"wp-block-jetpack-slideshow_container swiper-container\">\r\n<p>&nbsp;<\/p>\r\n<\/div>\r\n<\/div>\r\n","protected":false},"excerpt":{"rendered":"<p>F\u00caTE DE LA CH\u00c2TAIGNE &#8211; 25.10.2019 . F\u00caTE DE LA COURGE &#8211; 21.09.2019<\/p>\n","protected":false},"author":3,"featured_media":0,"parent":427,"menu_order":0,"comment_status":"closed","ping_status":"closed","template":"","meta":{"site-sidebar-layout":"default","site-content-layout":"","ast-site-content-layout":"default","site-content-style":"default","site-sidebar-style":"default","ast-global-header-display":"","ast-banner-title-visibility":"","ast-main-header-display":"","ast-hfb-above-header-display":"","ast-hfb-below-header-display":"","ast-hfb-mobile-header-display":"","site-post-title":"","ast-breadcrumbs-content":"","ast-featured-img":"","footer-sml-layout":"","ast-disable-related-posts":"","theme-transparent-header-meta":"","adv-header-id-meta":"","stick-header-meta":"","header-above-stick-meta":"","header-main-stick-meta":"","header-below-stick-meta":"","astra-migrate-meta-layouts":"default","ast-page-background-enabled":"default","ast-page-background-meta":{"desktop":{"background-color":"var(--ast-global-color-4)","background-image":"","background-repeat":"repeat","background-position":"center center","background-size":"auto","background-attachment":"scroll","background-type":"","background-media":"","overlay-type":"","overlay-color":"","overlay-opacity":"","overlay-gradient":""},"tablet":{"background-color":"","background-image":"","background-repeat":"repeat","background-position":"center center","background-size":"auto","background-attachment":"scroll","background-type":"","background-media":"","overlay-type":"","overlay-color":"","overlay-opacity":"","overlay-gradient":""},"mobile":{"background-color":"","background-image":"","background-repeat":"repeat","background-position":"center center","background-size":"auto","background-attachment":"scroll","background-type":"","background-media":"","overlay-type":"","overlay-color":"","overlay-opacity":"","overlay-gradient":""}},"ast-content-background-meta":{"desktop":{"background-color":"var(--ast-global-color-5)","background-image":"","background-repeat":"repeat","background-position":"center center","background-size":"auto","background-attachment":"scroll","background-type":"","background-media":"","overlay-type":"","overlay-color":"","overlay-opacity":"","overlay-gradient":""},"tablet":{"background-color":"var(--ast-global-color-5)","background-image":"","background-repeat":"repeat","background-position":"center center","background-size":"auto","background-attachment":"scroll","background-type":"","background-media":"","overlay-type":"","overlay-color":"","overlay-opacity":"","overlay-gradient":""},"mobile":{"background-color":"var(--ast-global-color-5)","background-image":"","background-repeat":"repeat","background-position":"center center","background-size":"auto","background-attachment":"scroll","background-type":"","background-media":"","overlay-type":"","overlay-color":"","overlay-opacity":"","overlay-gradient":""}},"footnotes":""},"class_list":["post-143","page","type-page","status-publish","hentry"],"_links":{"self":[{"href":"https:\/\/fermepourtous.ch\/index.php\/wp-json\/wp\/v2\/pages\/143","targetHints":{"allow":["GET"]}}],"collection":[{"href":"https:\/\/fermepourtous.ch\/index.php\/wp-json\/wp\/v2\/pages"}],"about":[{"href":"https:\/\/fermepourtous.ch\/index.php\/wp-json\/wp\/v2\/types\/page"}],"author":[{"embeddable":true,"href":"https:\/\/fermepourtous.ch\/index.php\/wp-json\/wp\/v2\/users\/3"}],"replies":[{"embeddable":true,"href":"https:\/\/fermepourtous.ch\/index.php\/wp-json\/wp\/v2\/comments?post=143"}],"version-history":[{"count":0,"href":"https:\/\/fermepourtous.ch\/index.php\/wp-json\/wp\/v2\/pages\/143\/revisions"}],"up":[{"embeddable":true,"href":"https:\/\/fermepourtous.ch\/index.php\/wp-json\/wp\/v2\/pages\/427"}],"wp:attachment":[{"href":"https:\/\/fermepourtous.ch\/index.php\/wp-json\/wp\/v2\/media?parent=143"}],"curies":[{"name":"wp","href":"https:\/\/api.w.org\/{rel}","templated":true}]}}