{"id":1180,"date":"2020-03-05T18:10:51","date_gmt":"2020-03-05T18:10:51","guid":{"rendered":"http:\/\/fermepourtous.ch\/?page_id=1180"},"modified":"2024-02-25T15:08:41","modified_gmt":"2024-02-25T15:08:41","slug":"contact-ii","status":"publish","type":"page","link":"https:\/\/fermepourtous.ch\/index.php\/contact-ii\/","title":{"rendered":"Contact"},"content":{"rendered":"<figure class=\"wp-block-media-text__media\"><img decoding=\"async\" class=\"size-medium wp-image-847 alignleft\" src=\"https:\/\/fermepourtous.ch\/wp-content\/uploads\/2020\/03\/Cheval_sourir_ferme_pour_tous_-300x200.jpg\" alt=\"\" width=\"300\" height=\"200\" srcset=\"https:\/\/fermepourtous.ch\/wp-content\/uploads\/2020\/03\/Cheval_sourir_ferme_pour_tous_-300x200.jpg 300w, https:\/\/fermepourtous.ch\/wp-content\/uploads\/2020\/03\/Cheval_sourir_ferme_pour_tous_-1024x682.jpg 1024w, https:\/\/fermepourtous.ch\/wp-content\/uploads\/2020\/03\/Cheval_sourir_ferme_pour_tous_-768x511.jpg 768w, https:\/\/fermepourtous.ch\/wp-content\/uploads\/2020\/03\/Cheval_sourir_ferme_pour_tous_-1536x1022.jpg 1536w, https:\/\/fermepourtous.ch\/wp-content\/uploads\/2020\/03\/Cheval_sourir_ferme_pour_tous_.jpg 1920w\" sizes=\"(max-width: 300px) 100vw, 300px\" \/><\/figure>\n<div class=\"wp-block-media-text__content\">\n<h3 class=\"has-text-color has-text-align-left\" style=\"color: #b6c104;\"><strong>Ferme pour tous<\/strong><\/h3>\n<p class=\"has-normal-font-size\">Herv\u00e9 Sapin<br \/>\nLottenacker 2<br \/>\n1734 Tinterin \/ Tentlingen<br \/>\n+41 (0) 79 688 36 54<br \/>\nFermepourtous@outlook.com<\/p>\n<\/div>\n<p>&nbsp;<\/p>\n<p>&nbsp;<\/p>\n<p><strong>Afin de pouvoir vous accueillir dans les meilleures conditions possibles,\u00a0<\/strong><strong>il est recommand\u00e9 de t\u00e9l\u00e9phoner avant de venir visiter la ferme et ses animaux.<\/strong><\/p>\n","protected":false},"excerpt":{"rendered":"<p>Ferme pour tous Herv\u00e9 Sapin Lottenacker 2 1734 Tinterin \/ Tentlingen +41 (0) 79 688 36 54 Fermepourtous@outlook.com &nbsp; &nbsp; Afin de pouvoir vous accueillir dans les meilleures conditions possibles,\u00a0il est recommand\u00e9 de t\u00e9l\u00e9phoner avant de venir visiter la ferme et ses animaux.<\/p>\n","protected":false},"author":3,"featured_media":0,"parent":0,"menu_order":0,"comment_status":"closed","ping_status":"closed","template":"","meta":{"site-sidebar-layout":"default","site-content-layout":"","ast-site-content-layout":"default","site-content-style":"default","site-sidebar-style":"default","ast-global-header-display":"","ast-banner-title-visibility":"","ast-main-header-display":"","ast-hfb-above-header-display":"","ast-hfb-below-header-display":"","ast-hfb-mobile-header-display":"","site-post-title":"","ast-breadcrumbs-content":"","ast-featured-img":"","footer-sml-layout":"","ast-disable-related-posts":"","theme-transparent-header-meta":"default","adv-header-id-meta":"","stick-header-meta":"","header-above-stick-meta":"","header-main-stick-meta":"","header-below-stick-meta":"","astra-migrate-meta-layouts":"set","ast-page-background-enabled":"default","ast-page-background-meta":{"desktop":{"background-color":"var(--ast-global-color-4)","background-image":"","background-repeat":"repeat","background-position":"center center","background-size":"auto","background-attachment":"scroll","background-type":"","background-media":"","overlay-type":"","overlay-color":"","overlay-opacity":"","overlay-gradient":""},"tablet":{"background-color":"","background-image":"","background-repeat":"repeat","background-position":"center center","background-size":"auto","background-attachment":"scroll","background-type":"","background-media":"","overlay-type":"","overlay-color":"","overlay-opacity":"","overlay-gradient":""},"mobile":{"background-color":"","background-image":"","background-repeat":"repeat","background-position":"center center","background-size":"auto","background-attachment":"scroll","background-type":"","background-media":"","overlay-type":"","overlay-color":"","overlay-opacity":"","overlay-gradient":""}},"ast-content-background-meta":{"desktop":{"background-color":"var(--ast-global-color-5)","background-image":"","background-repeat":"repeat","background-position":"center center","background-size":"auto","background-attachment":"scroll","background-type":"","background-media":"","overlay-type":"","overlay-color":"","overlay-opacity":"","overlay-gradient":""},"tablet":{"background-color":"var(--ast-global-color-5)","background-image":"","background-repeat":"repeat","background-position":"center center","background-size":"auto","background-attachment":"scroll","background-type":"","background-media":"","overlay-type":"","overlay-color":"","overlay-opacity":"","overlay-gradient":""},"mobile":{"background-color":"var(--ast-global-color-5)","background-image":"","background-repeat":"repeat","background-position":"center center","background-size":"auto","background-attachment":"scroll","background-type":"","background-media":"","overlay-type":"","overlay-color":"","overlay-opacity":"","overlay-gradient":""}},"footnotes":""},"class_list":["post-1180","page","type-page","status-publish","hentry"],"_links":{"self":[{"href":"https:\/\/fermepourtous.ch\/index.php\/wp-json\/wp\/v2\/pages\/1180","targetHints":{"allow":["GET"]}}],"collection":[{"href":"https:\/\/fermepourtous.ch\/index.php\/wp-json\/wp\/v2\/pages"}],"about":[{"href":"https:\/\/fermepourtous.ch\/index.php\/wp-json\/wp\/v2\/types\/page"}],"author":[{"embeddable":true,"href":"https:\/\/fermepourtous.ch\/index.php\/wp-json\/wp\/v2\/users\/3"}],"replies":[{"embeddable":true,"href":"https:\/\/fermepourtous.ch\/index.php\/wp-json\/wp\/v2\/comments?post=1180"}],"version-history":[{"count":1,"href":"https:\/\/fermepourtous.ch\/index.php\/wp-json\/wp\/v2\/pages\/1180\/revisions"}],"predecessor-version":[{"id":1760,"href":"https:\/\/fermepourtous.ch\/index.php\/wp-json\/wp\/v2\/pages\/1180\/revisions\/1760"}],"wp:attachment":[{"href":"https:\/\/fermepourtous.ch\/index.php\/wp-json\/wp\/v2\/media?parent=1180"}],"curies":[{"name":"wp","href":"https:\/\/api.w.org\/{rel}","templated":true}]}}